{"id":129,"date":"2022-01-07T08:15:28","date_gmt":"2022-01-07T07:15:28","guid":{"rendered":"http:\/\/donyatek.org\/?page_id=129"},"modified":"2022-07-04T02:44:31","modified_gmt":"2022-07-04T00:44:31","slug":"purifier-leau-de-forage","status":"publish","type":"page","link":"https:\/\/donyatek.org\/index.php\/purifier-leau-de-forage\/","title":{"rendered":"Purifier l&rsquo;eau de forage"},"content":{"rendered":"\t\t<div data-elementor-type=\"wp-page\" data-elementor-id=\"129\" class=\"elementor elementor-129\">\n\t\t\t\t\t\t<section class=\"elementor-section elementor-top-section elementor-element elementor-element-1cfb7b0 elementor-section-boxed elementor-section-height-default elementor-section-height-default\" data-id=\"1cfb7b0\" data-element_type=\"section\">\n\t\t\t\t\t\t<div class=\"elementor-container elementor-column-gap-default\">\n\t\t\t\t\t<div class=\"elementor-column elementor-col-100 elementor-top-column elementor-element elementor-element-6ce3886\" data-id=\"6ce3886\" data-element_type=\"column\">\n\t\t\t<div class=\"elementor-widget-wrap elementor-element-populated\">\n\t\t\t\t\t\t<div class=\"elementor-element elementor-element-e76de76 elementor-widget elementor-widget-heading\" data-id=\"e76de76\" data-element_type=\"widget\" data-widget_type=\"heading.default\">\n\t\t\t\t<div class=\"elementor-widget-container\">\n\t\t\t\t\t<h2 class=\"elementor-heading-title elementor-size-default\">Les unit\u00e9s Aclaira\u00ae-P purifient les eaux de forage<\/h2>\t\t\t\t<\/div>\n\t\t\t\t<\/div>\n\t\t\t\t<div class=\"elementor-element elementor-element-f47ad40 elementor-widget elementor-widget-text-editor\" data-id=\"f47ad40\" data-element_type=\"widget\" data-widget_type=\"text-editor.default\">\n\t\t\t\t<div class=\"elementor-widget-container\">\n\t\t\t\t\t\t\t\t\t<p>Les unit\u00e9s Aclaira\u00ae-P (Pures) sont sp\u00e9cialement con\u00e7ues pour r\u00e9pondre aux besoins en eau potable des petites communaut\u00e9s pour lesquelles la qualit\u00e9 de l\u2019eau de boisson ne r\u00e9pond pas aux recommandations actuelles de l\u2019Organisation Mondiale de la Sant\u00e9 (OMS). Elles\u00a0<strong>purifient les eaux de forage<\/strong>\u00a0des contaminants malsains tels que le\u00a0<strong>fluor<\/strong>\u00a0et l\u2019<strong>arsenic<\/strong>\u00a0et peuvent aussi servir \u00e0 \u00f4ter le\u00a0<strong>sel<\/strong>, la\u00a0<strong>duret\u00e9<\/strong>\u00a0et la\u00a0<strong>coloration de l\u2019eau<\/strong>.<\/p>\t\t\t\t\t\t\t\t<\/div>\n\t\t\t\t<\/div>\n\t\t\t\t<div class=\"elementor-element elementor-element-8c548c9 elementor-widget elementor-widget-image\" data-id=\"8c548c9\" data-element_type=\"widget\" data-widget_type=\"image.default\">\n\t\t\t\t<div class=\"elementor-widget-container\">\n\t\t\t\t\t\t\t\t\t\t\t\t\t\t\t\t<a href=\"https:\/\/donyatek.org\/wp-content\/uploads\/2022\/06\/Aclaira-P-Module.jpg\" data-elementor-open-lightbox=\"yes\" data-elementor-lightbox-title=\"Aclaira-P-Module\" data-e-action-hash=\"#elementor-action%3Aaction%3Dlightbox%26settings%3DeyJpZCI6NzY1NywidXJsIjoiaHR0cHM6XC9cL2RvbnlhdGVrLm9yZ1wvd3AtY29udGVudFwvdXBsb2Fkc1wvMjAyMlwvMDZcL0FjbGFpcmEtUC1Nb2R1bGUuanBnIn0%3D\">\n\t\t\t\t\t\t\t<img fetchpriority=\"high\" decoding=\"async\" width=\"775\" height=\"195\" src=\"https:\/\/donyatek.org\/wp-content\/uploads\/2022\/06\/Aclaira-P-Module.jpg\" class=\"attachment-large size-large wp-image-7657\" alt=\"\" srcset=\"https:\/\/donyatek.org\/wp-content\/uploads\/2022\/06\/Aclaira-P-Module.jpg 775w, https:\/\/donyatek.org\/wp-content\/uploads\/2022\/06\/Aclaira-P-Module-300x75.jpg 300w, https:\/\/donyatek.org\/wp-content\/uploads\/2022\/06\/Aclaira-P-Module-768x193.jpg 768w\" sizes=\"(max-width: 775px) 100vw, 775px\" \/>\t\t\t\t\t\t\t\t<\/a>\n\t\t\t\t\t\t\t\t\t\t\t\t\t\t\t<\/div>\n\t\t\t\t<\/div>\n\t\t\t\t<div class=\"elementor-element elementor-element-90088c9 elementor-widget elementor-widget-image\" data-id=\"90088c9\" data-element_type=\"widget\" data-widget_type=\"image.default\">\n\t\t\t\t<div class=\"elementor-widget-container\">\n\t\t\t\t\t\t\t\t\t\t\t\t\t\t\t<img decoding=\"async\" width=\"768\" height=\"749\" src=\"https:\/\/donyatek.org\/wp-content\/uploads\/2022\/06\/unite-aclaira-p-stockage-768x749-1.jpg\" class=\"attachment-large size-large wp-image-7658\" alt=\"\" srcset=\"https:\/\/donyatek.org\/wp-content\/uploads\/2022\/06\/unite-aclaira-p-stockage-768x749-1.jpg 768w, https:\/\/donyatek.org\/wp-content\/uploads\/2022\/06\/unite-aclaira-p-stockage-768x749-1-300x293.jpg 300w\" sizes=\"(max-width: 768px) 100vw, 768px\" \/>\t\t\t\t\t\t\t\t\t\t\t\t\t\t\t<\/div>\n\t\t\t\t<\/div>\n\t\t\t\t<div class=\"elementor-element elementor-element-48e8a3e elementor-widget elementor-widget-text-editor\" data-id=\"48e8a3e\" data-element_type=\"widget\" data-widget_type=\"text-editor.default\">\n\t\t\t\t<div class=\"elementor-widget-container\">\n\t\t\t\t\t\t\t\t\t<p>Les capacit\u00e9s des unit\u00e9s s\u2019\u00e9chelonnent entre 4000 litres par jour d\u2019eau propre et potable avec une Aclaira\u00ae-P1, fonctionnant au photovolta\u00efque, et 50 000 litres par jour avec une Aclaira\u00ae-P4 branch\u00e9e sur le r\u00e9seau.<\/p><p>En option, l\u2019unit\u00e9 Aclaira\u00ae est aliment\u00e9e par un syst\u00e8me photovolta\u00efque comportant des batteries. Celles-ci permettent un fonctionnement autonome et temporaire lorsque l\u2019ensoleillement est insuffisant (matin,soir, temps couvert) ou en cas d\u2019urgence.<\/p>\t\t\t\t\t\t\t\t<\/div>\n\t\t\t\t<\/div>\n\t\t\t\t<div class=\"elementor-element elementor-element-f6f951f elementor-widget elementor-widget-heading\" data-id=\"f6f951f\" data-element_type=\"widget\" data-widget_type=\"heading.default\">\n\t\t\t\t<div class=\"elementor-widget-container\">\n\t\t\t\t\t<h2 class=\"elementor-heading-title elementor-size-default\">Principaux avantages des unit\u00e9s membranaires Aclaira\u00ae-P<\/h2>\t\t\t\t<\/div>\n\t\t\t\t<\/div>\n\t\t\t\t<div class=\"elementor-element elementor-element-13288a6 elementor-widget elementor-widget-text-editor\" data-id=\"13288a6\" data-element_type=\"widget\" data-widget_type=\"text-editor.default\">\n\t\t\t\t<div class=\"elementor-widget-container\">\n\t\t\t\t\t\t\t\t\t<ul><li>Fonctionnement manuel, simple et stable<\/li><li>Unit\u00e9 robuste, sp\u00e9cialement con\u00e7ue pour fonctionner en milieu isol\u00e9<\/li><li>Membrane r\u00e9sistant \u00e0 l\u2019encrassement<\/li><li>Entretien r\u00e9duit et ais\u00e9<\/li><li>Aucun pr\u00e9traitement n\u00e9cessaire<\/li><li>Energie solaire<\/li><\/ul>\t\t\t\t\t\t\t\t<\/div>\n\t\t\t\t<\/div>\n\t\t\t\t<section class=\"elementor-section elementor-inner-section elementor-element elementor-element-15f9fad elementor-section-boxed elementor-section-height-default elementor-section-height-default\" data-id=\"15f9fad\" data-element_type=\"section\">\n\t\t\t\t\t\t<div class=\"elementor-container elementor-column-gap-default\">\n\t\t\t\t\t<div class=\"elementor-column elementor-col-50 elementor-inner-column elementor-element elementor-element-9d6a5aa\" data-id=\"9d6a5aa\" data-element_type=\"column\">\n\t\t\t<div class=\"elementor-widget-wrap elementor-element-populated\">\n\t\t\t\t\t\t<div class=\"elementor-element elementor-element-395d451 elementor-widget elementor-widget-image\" data-id=\"395d451\" data-element_type=\"widget\" data-widget_type=\"image.default\">\n\t\t\t\t<div class=\"elementor-widget-container\">\n\t\t\t\t\t\t\t\t\t\t\t\t\t\t\t<img decoding=\"async\" width=\"300\" height=\"300\" src=\"https:\/\/donyatek.org\/wp-content\/uploads\/2022\/06\/Aclaira-P-SchemaPrincipe-300x300-1.png\" class=\"attachment-large size-large wp-image-7659\" alt=\"\" srcset=\"https:\/\/donyatek.org\/wp-content\/uploads\/2022\/06\/Aclaira-P-SchemaPrincipe-300x300-1.png 300w, https:\/\/donyatek.org\/wp-content\/uploads\/2022\/06\/Aclaira-P-SchemaPrincipe-300x300-1-150x150.png 150w\" sizes=\"(max-width: 300px) 100vw, 300px\" \/>\t\t\t\t\t\t\t\t\t\t\t\t\t\t\t<\/div>\n\t\t\t\t<\/div>\n\t\t\t\t\t<\/div>\n\t\t<\/div>\n\t\t\t\t<div class=\"elementor-column elementor-col-50 elementor-inner-column elementor-element elementor-element-067add3\" data-id=\"067add3\" data-element_type=\"column\">\n\t\t\t<div class=\"elementor-widget-wrap elementor-element-populated\">\n\t\t\t\t\t\t<div class=\"elementor-element elementor-element-1f22219 elementor-widget elementor-widget-heading\" data-id=\"1f22219\" data-element_type=\"widget\" data-widget_type=\"heading.default\">\n\t\t\t\t<div class=\"elementor-widget-container\">\n\t\t\t\t\t<h2 class=\"elementor-heading-title elementor-size-default\">Efficacit\u00e9 de r\u00e9tention des membranes<\/h2>\t\t\t\t<\/div>\n\t\t\t\t<\/div>\n\t\t\t\t<div class=\"elementor-element elementor-element-84ec39f elementor-widget elementor-widget-text-editor\" data-id=\"84ec39f\" data-element_type=\"widget\" data-widget_type=\"text-editor.default\">\n\t\t\t\t<div class=\"elementor-widget-container\">\n\t\t\t\t\t\t\t\t\t<p>Fluor, Sodium, Chlorure : 94%<br \/>Arsenic : 60 % *<\/p><p>* En fonction de l\u2019\u00e9tat d\u2019oxydation &amp; du pH<\/p>\t\t\t\t\t\t\t\t<\/div>\n\t\t\t\t<\/div>\n\t\t\t\t\t<\/div>\n\t\t<\/div>\n\t\t\t\t\t<\/div>\n\t\t<\/section>\n\t\t\t\t<div class=\"elementor-element elementor-element-57d9df1 elementor-widget elementor-widget-heading\" data-id=\"57d9df1\" data-element_type=\"widget\" data-widget_type=\"heading.default\">\n\t\t\t\t<div class=\"elementor-widget-container\">\n\t\t\t\t\t<h2 class=\"elementor-heading-title elementor-size-default\">Informations Techniques'<\/h2>\t\t\t\t<\/div>\n\t\t\t\t<\/div>\n\t\t\t\t<div class=\"elementor-element elementor-element-72e8146 elementor-widget elementor-widget-image\" data-id=\"72e8146\" data-element_type=\"widget\" data-widget_type=\"image.default\">\n\t\t\t\t<div class=\"elementor-widget-container\">\n\t\t\t\t\t\t\t\t\t\t\t\t\t\t\t<img loading=\"lazy\" decoding=\"async\" width=\"789\" height=\"404\" src=\"https:\/\/donyatek.org\/wp-content\/uploads\/2022\/06\/Aclaira-P-DonneeTechnique.jpg\" class=\"attachment-large size-large wp-image-7660\" alt=\"\" srcset=\"https:\/\/donyatek.org\/wp-content\/uploads\/2022\/06\/Aclaira-P-DonneeTechnique.jpg 789w, https:\/\/donyatek.org\/wp-content\/uploads\/2022\/06\/Aclaira-P-DonneeTechnique-300x154.jpg 300w, https:\/\/donyatek.org\/wp-content\/uploads\/2022\/06\/Aclaira-P-DonneeTechnique-768x393.jpg 768w\" sizes=\"(max-width: 789px) 100vw, 789px\" \/>\t\t\t\t\t\t\t\t\t\t\t\t\t\t\t<\/div>\n\t\t\t\t<\/div>\n\t\t\t\t\t<\/div>\n\t\t<\/div>\n\t\t\t\t\t<\/div>\n\t\t<\/section>\n\t\t\t\t<\/div>\n\t\t","protected":false},"excerpt":{"rendered":"<p>Les unit\u00e9s Aclaira\u00ae-P purifient les eaux de forage Les unit\u00e9s Aclaira\u00ae-P (Pures) sont sp\u00e9cialement con\u00e7ues pour r\u00e9pondre aux besoins en eau potable des petites communaut\u00e9s pour lesquelles la qualit\u00e9 de l\u2019eau de boisson ne r\u00e9pond pas aux recommandations actuelles de l\u2019Organisation Mondiale de la Sant\u00e9 (OMS). Elles\u00a0purifient les eaux de forage\u00a0des contaminants malsains tels que [&hellip;]<\/p>\n","protected":false},"author":1,"featured_media":0,"parent":0,"menu_order":0,"comment_status":"closed","ping_status":"closed","template":"elementor_header_footer","meta":{"ocean_post_layout":"","ocean_both_sidebars_style":"","ocean_both_sidebars_content_width":0,"ocean_both_sidebars_sidebars_width":0,"ocean_sidebar":"","ocean_second_sidebar":"","ocean_disable_margins":"enable","ocean_add_body_class":"","ocean_shortcode_before_top_bar":"","ocean_shortcode_after_top_bar":"","ocean_shortcode_before_header":"","ocean_shortcode_after_header":"","ocean_has_shortcode":"","ocean_shortcode_after_title":"","ocean_shortcode_before_footer_widgets":"","ocean_shortcode_after_footer_widgets":"","ocean_shortcode_before_footer_bottom":"","ocean_shortcode_after_footer_bottom":"","ocean_display_top_bar":"default","ocean_display_header":"default","ocean_header_style":"","ocean_center_header_left_menu":"","ocean_custom_header_template":"","ocean_custom_logo":0,"ocean_custom_retina_logo":0,"ocean_custom_logo_max_width":0,"ocean_custom_logo_tablet_max_width":0,"ocean_custom_logo_mobile_max_width":0,"ocean_custom_logo_max_height":0,"ocean_custom_logo_tablet_max_height":0,"ocean_custom_logo_mobile_max_height":0,"ocean_header_custom_menu":"","ocean_menu_typo_font_family":"","ocean_menu_typo_font_subset":"","ocean_menu_typo_font_size":0,"ocean_menu_typo_font_size_tablet":0,"ocean_menu_typo_font_size_mobile":0,"ocean_menu_typo_font_size_unit":"px","ocean_menu_typo_font_weight":"","ocean_menu_typo_font_weight_tablet":"","ocean_menu_typo_font_weight_mobile":"","ocean_menu_typo_transform":"","ocean_menu_typo_transform_tablet":"","ocean_menu_typo_transform_mobile":"","ocean_menu_typo_line_height":0,"ocean_menu_typo_line_height_tablet":0,"ocean_menu_typo_line_height_mobile":0,"ocean_menu_typo_line_height_unit":"","ocean_menu_typo_spacing":0,"ocean_menu_typo_spacing_tablet":0,"ocean_menu_typo_spacing_mobile":0,"ocean_menu_typo_spacing_unit":"","ocean_menu_link_color":"","ocean_menu_link_color_hover":"","ocean_menu_link_color_active":"","ocean_menu_link_background":"","ocean_menu_link_hover_background":"","ocean_menu_link_active_background":"","ocean_menu_social_links_bg":"","ocean_menu_social_hover_links_bg":"","ocean_menu_social_links_color":"","ocean_menu_social_hover_links_color":"","ocean_disable_title":"default","ocean_disable_heading":"default","ocean_post_title":"","ocean_post_subheading":"","ocean_post_title_style":"","ocean_post_title_background_color":"","ocean_post_title_background":0,"ocean_post_title_bg_image_position":"","ocean_post_title_bg_image_attachment":"","ocean_post_title_bg_image_repeat":"","ocean_post_title_bg_image_size":"","ocean_post_title_height":0,"ocean_post_title_bg_overlay":0.5,"ocean_post_title_bg_overlay_color":"","ocean_disable_breadcrumbs":"default","ocean_breadcrumbs_color":"","ocean_breadcrumbs_separator_color":"","ocean_breadcrumbs_links_color":"","ocean_breadcrumbs_links_hover_color":"","ocean_display_footer_widgets":"default","ocean_display_footer_bottom":"default","ocean_custom_footer_template":"","footnotes":""},"class_list":["post-129","page","type-page","status-publish","hentry","entry"],"_links":{"self":[{"href":"https:\/\/donyatek.org\/index.php\/wp-json\/wp\/v2\/pages\/129","targetHints":{"allow":["GET"]}}],"collection":[{"href":"https:\/\/donyatek.org\/index.php\/wp-json\/wp\/v2\/pages"}],"about":[{"href":"https:\/\/donyatek.org\/index.php\/wp-json\/wp\/v2\/types\/page"}],"author":[{"embeddable":true,"href":"https:\/\/donyatek.org\/index.php\/wp-json\/wp\/v2\/users\/1"}],"replies":[{"embeddable":true,"href":"https:\/\/donyatek.org\/index.php\/wp-json\/wp\/v2\/comments?post=129"}],"version-history":[{"count":13,"href":"https:\/\/donyatek.org\/index.php\/wp-json\/wp\/v2\/pages\/129\/revisions"}],"predecessor-version":[{"id":7884,"href":"https:\/\/donyatek.org\/index.php\/wp-json\/wp\/v2\/pages\/129\/revisions\/7884"}],"wp:attachment":[{"href":"https:\/\/donyatek.org\/index.php\/wp-json\/wp\/v2\/media?parent=129"}],"curies":[{"name":"wp","href":"https:\/\/api.w.org\/{rel}","templated":true}]}}