{"id":132,"date":"2022-01-07T08:15:28","date_gmt":"2022-01-07T07:15:28","guid":{"rendered":"http:\/\/donyatek.org\/?page_id=132"},"modified":"2022-07-11T17:25:50","modified_gmt":"2022-07-11T15:25:50","slug":"comprendre-la-filtration-membranaire","status":"publish","type":"page","link":"https:\/\/donyatek.org\/index.php\/comprendre-la-filtration-membranaire\/","title":{"rendered":"Comprendre la filtration membranaire"},"content":{"rendered":"\t\t<div data-elementor-type=\"wp-page\" data-elementor-id=\"132\" class=\"elementor elementor-132\">\n\t\t\t\t\t\t<section class=\"elementor-section elementor-top-section elementor-element elementor-element-a74c5a1 elementor-section-boxed elementor-section-height-default elementor-section-height-default\" data-id=\"a74c5a1\" data-element_type=\"section\">\n\t\t\t\t\t\t<div class=\"elementor-container elementor-column-gap-default\">\n\t\t\t\t\t<div class=\"elementor-column elementor-col-100 elementor-top-column elementor-element elementor-element-2f07e68\" data-id=\"2f07e68\" data-element_type=\"column\">\n\t\t\t<div class=\"elementor-widget-wrap elementor-element-populated\">\n\t\t\t\t\t\t<div class=\"elementor-element elementor-element-cb9660a elementor-widget elementor-widget-heading\" data-id=\"cb9660a\" data-element_type=\"widget\" data-widget_type=\"heading.default\">\n\t\t\t\t<div class=\"elementor-widget-container\">\n\t\t\t\t\t<h2 class=\"elementor-heading-title elementor-size-default\">Comprendre la filtration membranaire des eaux insalubres<\/h2>\t\t\t\t<\/div>\n\t\t\t\t<\/div>\n\t\t\t\t<div class=\"elementor-element elementor-element-718abda elementor-widget elementor-widget-text-editor\" data-id=\"718abda\" data-element_type=\"widget\" data-widget_type=\"text-editor.default\">\n\t\t\t\t<div class=\"elementor-widget-container\">\n\t\t\t\t\t\t\t\t\t<p>Les technologies membranaires sont tr\u00e8s fiables et \u00e9conomiques pour respecter les recommandations de l\u2019OMS pour la qualit\u00e9 de l\u2019eau potable.<\/p>\t\t\t\t\t\t\t\t<\/div>\n\t\t\t\t<\/div>\n\t\t\t\t<div class=\"elementor-element elementor-element-b6847d3 elementor-invisible elementor-widget elementor-widget-image\" data-id=\"b6847d3\" data-element_type=\"widget\" data-settings=\"{&quot;motion_fx_motion_fx_mouse&quot;:&quot;yes&quot;,&quot;_animation&quot;:&quot;slideInDown&quot;}\" data-widget_type=\"image.default\">\n\t\t\t\t<div class=\"elementor-widget-container\">\n\t\t\t\t\t\t\t\t\t\t\t\t\t\t\t<img fetchpriority=\"high\" decoding=\"async\" width=\"287\" height=\"227\" src=\"https:\/\/donyatek.org\/wp-content\/uploads\/2022\/06\/filtration-membranaire-e1657553137118.jpg\" class=\"attachment-large size-large wp-image-7635\" alt=\"\" \/>\t\t\t\t\t\t\t\t\t\t\t\t\t\t\t<\/div>\n\t\t\t\t<\/div>\n\t\t\t\t<div class=\"elementor-element elementor-element-564666b elementor-widget elementor-widget-heading\" data-id=\"564666b\" data-element_type=\"widget\" data-widget_type=\"heading.default\">\n\t\t\t\t<div class=\"elementor-widget-container\">\n\t\t\t\t\t<h2 class=\"elementor-heading-title elementor-size-default\">Comparaison des traitements conventionnels & membranaires<\/h2>\t\t\t\t<\/div>\n\t\t\t\t<\/div>\n\t\t\t\t<div class=\"elementor-element elementor-element-605bb67 elementor-widget elementor-widget-text-editor\" data-id=\"605bb67\" data-element_type=\"widget\" data-widget_type=\"text-editor.default\">\n\t\t\t\t<div class=\"elementor-widget-container\">\n\t\t\t\t\t\t\t\t\t<p><strong><i class=\"fa fa-arrow-circle-o-right\"><\/i>\u00a0Traitement membranaire<\/strong><\/p><ul><li>La qualit\u00e9 de l\u2019eau trait\u00e9e ne varie pas avec celle de l\u2019eau brute<\/li><li>Filtration absolue<ul><li>R\u00e9duction de 6 log sur les bact\u00e9ries<\/li><li>Turbidit\u00e9 &lt; 0.1 NTU<\/li><li>Haute conversion jusqu\u2019\u00e0 98%<\/li><\/ul><\/li><li>2 \u00e0 5 fois moins d\u2019emprise au sol<\/li><li>Pas de rejet de boues contamin\u00e9es chimiquement<\/li><li>Utilisation minimale de produits chimiques<\/li><li>Proc\u00e9d\u00e9 simple, souvent en une seule \u00e9tape<\/li><li>Contr\u00f4le \u00e0 distance ais\u00e9<\/li><\/ul><p><strong><i class=\"fa fa-arrow-circle-o-right\"><\/i>\u00a0Traitement conventionnel<\/strong><\/p><ul><li>Influenc\u00e9 par les changements de qualit\u00e9 d\u2019eau brute<\/li><li>Filtration probable<ul><li>Distribution et taille irr\u00e9guli\u00e8res du sable<\/li><li>Peu d\u2019efficacit\u00e9 sur les micro-organismes<\/li><li>Turbidit\u00e9 variable de l\u2019eau filtr\u00e9e<\/li><li>Passage en franchise d\u2019impuret\u00e9s<\/li><\/ul><\/li><li>Inefficace pour stopper les sous-produits de d\u00e9sinfection (DBP)<\/li><li>Peu de marge d\u2019am\u00e9lioration<ul><li>Coagulation renforc\u00e9 entrainant des probl\u00e8mes de boues<\/li><li>Dur\u00e9e de d\u00e9cantation plus grande entrainant une surface augment\u00e9e<\/li><li>Nouveau traitement chimique ce qui entraine la formation de sous produits de d\u00e9sinfection (DBP)<\/li><\/ul><\/li><li>Inop\u00e9rant pour r\u00e9pondre \u00e0 tous les crit\u00e8res d\u2019une eau potable saine<\/li><\/ul>\t\t\t\t\t\t\t\t<\/div>\n\t\t\t\t<\/div>\n\t\t\t\t\t<\/div>\n\t\t<\/div>\n\t\t\t\t\t<\/div>\n\t\t<\/section>\n\t\t\t\t<\/div>\n\t\t","protected":false},"excerpt":{"rendered":"<p>Comprendre la filtration membranaire des eaux insalubres Les technologies membranaires sont tr\u00e8s fiables et \u00e9conomiques pour respecter les recommandations de l\u2019OMS pour la qualit\u00e9 de l\u2019eau potable. Comparaison des traitements conventionnels &#038; membranaires \u00a0Traitement membranaire La qualit\u00e9 de l\u2019eau trait\u00e9e ne varie pas avec celle de l\u2019eau brute Filtration absolue R\u00e9duction de 6 log sur [&hellip;]<\/p>\n","protected":false},"author":1,"featured_media":0,"parent":0,"menu_order":0,"comment_status":"closed","ping_status":"closed","template":"elementor_header_footer","meta":{"ocean_post_layout":"","ocean_both_sidebars_style":"","ocean_both_sidebars_content_width":0,"ocean_both_sidebars_sidebars_width":0,"ocean_sidebar":"0","ocean_second_sidebar":"0","ocean_disable_margins":"enable","ocean_add_body_class":"","ocean_shortcode_before_top_bar":"","ocean_shortcode_after_top_bar":"","ocean_shortcode_before_header":"","ocean_shortcode_after_header":"","ocean_has_shortcode":"","ocean_shortcode_after_title":"","ocean_shortcode_before_footer_widgets":"","ocean_shortcode_after_footer_widgets":"","ocean_shortcode_before_footer_bottom":"","ocean_shortcode_after_footer_bottom":"","ocean_display_top_bar":"default","ocean_display_header":"default","ocean_header_style":"","ocean_center_header_left_menu":"0","ocean_custom_header_template":"0","ocean_custom_logo":0,"ocean_custom_retina_logo":0,"ocean_custom_logo_max_width":0,"ocean_custom_logo_tablet_max_width":0,"ocean_custom_logo_mobile_max_width":0,"ocean_custom_logo_max_height":0,"ocean_custom_logo_tablet_max_height":0,"ocean_custom_logo_mobile_max_height":0,"ocean_header_custom_menu":"0","ocean_menu_typo_font_family":"0","ocean_menu_typo_font_subset":"","ocean_menu_typo_font_size":0,"ocean_menu_typo_font_size_tablet":0,"ocean_menu_typo_font_size_mobile":0,"ocean_menu_typo_font_size_unit":"px","ocean_menu_typo_font_weight":"","ocean_menu_typo_font_weight_tablet":"","ocean_menu_typo_font_weight_mobile":"","ocean_menu_typo_transform":"","ocean_menu_typo_transform_tablet":"","ocean_menu_typo_transform_mobile":"","ocean_menu_typo_line_height":0,"ocean_menu_typo_line_height_tablet":0,"ocean_menu_typo_line_height_mobile":0,"ocean_menu_typo_line_height_unit":"","ocean_menu_typo_spacing":0,"ocean_menu_typo_spacing_tablet":0,"ocean_menu_typo_spacing_mobile":0,"ocean_menu_typo_spacing_unit":"","ocean_menu_link_color":"","ocean_menu_link_color_hover":"","ocean_menu_link_color_active":"","ocean_menu_link_background":"","ocean_menu_link_hover_background":"","ocean_menu_link_active_background":"","ocean_menu_social_links_bg":"","ocean_menu_social_hover_links_bg":"","ocean_menu_social_links_color":"","ocean_menu_social_hover_links_color":"","ocean_disable_title":"default","ocean_disable_heading":"default","ocean_post_title":"","ocean_post_subheading":"","ocean_post_title_style":"","ocean_post_title_background_color":"","ocean_post_title_background":0,"ocean_post_title_bg_image_position":"","ocean_post_title_bg_image_attachment":"","ocean_post_title_bg_image_repeat":"","ocean_post_title_bg_image_size":"","ocean_post_title_height":0,"ocean_post_title_bg_overlay":0.5,"ocean_post_title_bg_overlay_color":"","ocean_disable_breadcrumbs":"default","ocean_breadcrumbs_color":"","ocean_breadcrumbs_separator_color":"","ocean_breadcrumbs_links_color":"","ocean_breadcrumbs_links_hover_color":"","ocean_display_footer_widgets":"default","ocean_display_footer_bottom":"default","ocean_custom_footer_template":"0","footnotes":""},"class_list":["post-132","page","type-page","status-publish","hentry","entry"],"_links":{"self":[{"href":"https:\/\/donyatek.org\/index.php\/wp-json\/wp\/v2\/pages\/132","targetHints":{"allow":["GET"]}}],"collection":[{"href":"https:\/\/donyatek.org\/index.php\/wp-json\/wp\/v2\/pages"}],"about":[{"href":"https:\/\/donyatek.org\/index.php\/wp-json\/wp\/v2\/types\/page"}],"author":[{"embeddable":true,"href":"https:\/\/donyatek.org\/index.php\/wp-json\/wp\/v2\/users\/1"}],"replies":[{"embeddable":true,"href":"https:\/\/donyatek.org\/index.php\/wp-json\/wp\/v2\/comments?post=132"}],"version-history":[{"count":22,"href":"https:\/\/donyatek.org\/index.php\/wp-json\/wp\/v2\/pages\/132\/revisions"}],"predecessor-version":[{"id":8056,"href":"https:\/\/donyatek.org\/index.php\/wp-json\/wp\/v2\/pages\/132\/revisions\/8056"}],"wp:attachment":[{"href":"https:\/\/donyatek.org\/index.php\/wp-json\/wp\/v2\/media?parent=132"}],"curies":[{"name":"wp","href":"https:\/\/api.w.org\/{rel}","templated":true}]}}