{"id":133,"date":"2022-01-07T08:15:28","date_gmt":"2022-01-07T07:15:28","guid":{"rendered":"http:\/\/donyatek.org\/?page_id=133"},"modified":"2022-07-11T17:23:08","modified_gmt":"2022-07-11T15:23:08","slug":"purifier-leau","status":"publish","type":"page","link":"https:\/\/donyatek.org\/index.php\/purifier-leau\/","title":{"rendered":"Purifier l&rsquo;eau"},"content":{"rendered":"\t\t<div data-elementor-type=\"wp-page\" data-elementor-id=\"133\" class=\"elementor elementor-133\">\n\t\t\t\t\t\t<section class=\"elementor-section elementor-top-section elementor-element elementor-element-ec18739 elementor-section-boxed elementor-section-height-default elementor-section-height-default\" data-id=\"ec18739\" data-element_type=\"section\">\n\t\t\t\t\t\t<div class=\"elementor-container elementor-column-gap-default\">\n\t\t\t\t\t<div class=\"elementor-column elementor-col-100 elementor-top-column elementor-element elementor-element-22e7f4b\" data-id=\"22e7f4b\" data-element_type=\"column\">\n\t\t\t<div class=\"elementor-widget-wrap elementor-element-populated\">\n\t\t\t\t\t\t<div class=\"elementor-element elementor-element-5346fc8 elementor-widget elementor-widget-heading\" data-id=\"5346fc8\" data-element_type=\"widget\" data-widget_type=\"heading.default\">\n\t\t\t\t<div class=\"elementor-widget-container\">\n\t\t\t\t\t<h2 class=\"elementor-heading-title elementor-size-default\">Purifier l\u2019eau de consommation<\/h2>\t\t\t\t<\/div>\n\t\t\t\t<\/div>\n\t\t\t\t<section class=\"elementor-section elementor-inner-section elementor-element elementor-element-e8355c7 elementor-section-boxed elementor-section-height-default elementor-section-height-default\" data-id=\"e8355c7\" data-element_type=\"section\">\n\t\t\t\t\t\t<div class=\"elementor-container elementor-column-gap-default\">\n\t\t\t\t\t<div class=\"elementor-column elementor-col-50 elementor-inner-column elementor-element elementor-element-052d44c\" data-id=\"052d44c\" data-element_type=\"column\">\n\t\t\t<div class=\"elementor-widget-wrap elementor-element-populated\">\n\t\t\t\t\t\t<div class=\"elementor-element elementor-element-9b732ff elementor-widget elementor-widget-image\" data-id=\"9b732ff\" data-element_type=\"widget\" data-widget_type=\"image.default\">\n\t\t\t\t<div class=\"elementor-widget-container\">\n\t\t\t\t\t\t\t\t\t\t\t\t\t\t\t\t<a href=\"https:\/\/donyatek.org\/wp-content\/uploads\/2022\/06\/purifier-leau-1.jpg\" data-elementor-open-lightbox=\"yes\" data-elementor-lightbox-title=\"purifier l&#039;eau 1\" data-e-action-hash=\"#elementor-action%3Aaction%3Dlightbox%26settings%3DeyJpZCI6NzYxNywidXJsIjoiaHR0cHM6XC9cL2RvbnlhdGVrLm9yZ1wvd3AtY29udGVudFwvdXBsb2Fkc1wvMjAyMlwvMDZcL3B1cmlmaWVyLWxlYXUtMS5qcGcifQ%3D%3D\">\n\t\t\t\t\t\t\t<img fetchpriority=\"high\" decoding=\"async\" width=\"522\" height=\"392\" src=\"https:\/\/donyatek.org\/wp-content\/uploads\/2022\/06\/purifier-leau-1.jpg\" class=\"attachment-large size-large wp-image-7617\" alt=\"\" srcset=\"https:\/\/donyatek.org\/wp-content\/uploads\/2022\/06\/purifier-leau-1.jpg 522w, https:\/\/donyatek.org\/wp-content\/uploads\/2022\/06\/purifier-leau-1-300x225.jpg 300w\" sizes=\"(max-width: 522px) 100vw, 522px\" \/>\t\t\t\t\t\t\t\t<\/a>\n\t\t\t\t\t\t\t\t\t\t\t\t\t\t\t<\/div>\n\t\t\t\t<\/div>\n\t\t\t\t\t<\/div>\n\t\t<\/div>\n\t\t\t\t<div class=\"elementor-column elementor-col-50 elementor-inner-column elementor-element elementor-element-767d6c6\" data-id=\"767d6c6\" data-element_type=\"column\">\n\t\t\t<div class=\"elementor-widget-wrap elementor-element-populated\">\n\t\t\t\t\t\t<div class=\"elementor-element elementor-element-83e1574 elementor-widget elementor-widget-image\" data-id=\"83e1574\" data-element_type=\"widget\" data-widget_type=\"image.default\">\n\t\t\t\t<div class=\"elementor-widget-container\">\n\t\t\t\t\t\t\t\t\t\t\t\t\t\t\t\t<a href=\"https:\/\/donyatek.org\/wp-content\/uploads\/2022\/06\/purifier-leau-2.jpg\" data-elementor-open-lightbox=\"yes\" data-elementor-lightbox-title=\"purifier l&#039;eau 2\" data-e-action-hash=\"#elementor-action%3Aaction%3Dlightbox%26settings%3DeyJpZCI6NzYxOCwidXJsIjoiaHR0cHM6XC9cL2RvbnlhdGVrLm9yZ1wvd3AtY29udGVudFwvdXBsb2Fkc1wvMjAyMlwvMDZcL3B1cmlmaWVyLWxlYXUtMi5qcGcifQ%3D%3D\">\n\t\t\t\t\t\t\t<img decoding=\"async\" width=\"526\" height=\"394\" src=\"https:\/\/donyatek.org\/wp-content\/uploads\/2022\/06\/purifier-leau-2.jpg\" class=\"attachment-large size-large wp-image-7618\" alt=\"\" srcset=\"https:\/\/donyatek.org\/wp-content\/uploads\/2022\/06\/purifier-leau-2.jpg 526w, https:\/\/donyatek.org\/wp-content\/uploads\/2022\/06\/purifier-leau-2-300x225.jpg 300w\" sizes=\"(max-width: 526px) 100vw, 526px\" \/>\t\t\t\t\t\t\t\t<\/a>\n\t\t\t\t\t\t\t\t\t\t\t\t\t\t\t<\/div>\n\t\t\t\t<\/div>\n\t\t\t\t\t<\/div>\n\t\t<\/div>\n\t\t\t\t\t<\/div>\n\t\t<\/section>\n\t\t\t\t<div class=\"elementor-element elementor-element-47d7b06 elementor-widget elementor-widget-heading\" data-id=\"47d7b06\" data-element_type=\"widget\" data-widget_type=\"heading.default\">\n\t\t\t\t<div class=\"elementor-widget-container\">\n\t\t\t\t\t<h2 class=\"elementor-heading-title elementor-size-default\">Les avantages des solutions de traitement Aclaira<\/h2>\t\t\t\t<\/div>\n\t\t\t\t<\/div>\n\t\t\t\t<div class=\"elementor-element elementor-element-62d4567 elementor-widget elementor-widget-text-editor\" data-id=\"62d4567\" data-element_type=\"widget\" data-widget_type=\"text-editor.default\">\n\t\t\t\t<div class=\"elementor-widget-container\">\n\t\t\t\t\t\t\t\t\t<p>Les technologies membranaires utilis\u00e9es par Aclaira (<strong>filtration membranaire, nanofiltration et osmose inverse<\/strong>) sont\u00a0<strong>devenus incontournables<\/strong>\u00a0pour les grandes unit\u00e9s de traitement d\u2019eau. Elles comportent beaucoup d\u2019avantages :\u00a0<strong>barri\u00e8re absolue contre les contaminants, simplicit\u00e9 d\u2019exploitation et fiabilit\u00e9<\/strong>.<\/p><p>Aclaira\u00a0<strong>conjugue tous ces avantages<\/strong>\u00a0en offrant des\u00a0<strong>solutions optimis\u00e9es et parfaitement adapt\u00e9es aux petites communaut\u00e9s isol\u00e9es<\/strong>\u00a0:<\/p><ul><li>Modularit\u00e9 des unit\u00e9s<\/li><li>Utilisation de mat\u00e9riel robuste, facilement disponible en Afrique et bon march\u00e9<\/li><li>Nettoyage manuel des membranes<\/li><\/ul>\t\t\t\t\t\t\t\t<\/div>\n\t\t\t\t<\/div>\n\t\t\t\t<div class=\"elementor-element elementor-element-351c781 elementor-widget elementor-widget-image\" data-id=\"351c781\" data-element_type=\"widget\" data-widget_type=\"image.default\">\n\t\t\t\t<div class=\"elementor-widget-container\">\n\t\t\t\t\t\t\t\t\t\t\t\t\t\t\t<img decoding=\"async\" width=\"770\" height=\"300\" src=\"https:\/\/donyatek.org\/wp-content\/uploads\/2022\/06\/image-5.jpg\" class=\"attachment-large size-large wp-image-7622\" alt=\"\" srcset=\"https:\/\/donyatek.org\/wp-content\/uploads\/2022\/06\/image-5.jpg 770w, https:\/\/donyatek.org\/wp-content\/uploads\/2022\/06\/image-5-300x117.jpg 300w, https:\/\/donyatek.org\/wp-content\/uploads\/2022\/06\/image-5-768x299.jpg 768w\" sizes=\"(max-width: 770px) 100vw, 770px\" \/>\t\t\t\t\t\t\t\t\t\t\t\t\t\t\t<\/div>\n\t\t\t\t<\/div>\n\t\t\t\t<div class=\"elementor-element elementor-element-b1882d9 elementor-widget elementor-widget-text-editor\" data-id=\"b1882d9\" data-element_type=\"widget\" data-widget_type=\"text-editor.default\">\n\t\t\t\t<div class=\"elementor-widget-container\">\n\t\t\t\t\t\t\t\t\t<p>Diff\u00e9rents traitements sont mis en oeuvre pour purifier l\u2019eau et la rendre potable. Le choix du traitement appropri\u00e9 d\u00e9pend principalement :<\/p><ul><li>De la quantit\u00e9 d\u2019eau n\u00e9cessaire \u00e0 la communaut\u00e9<\/li><li>De la source d\u2019eau disponible<\/li><\/ul>\t\t\t\t\t\t\t\t<\/div>\n\t\t\t\t<\/div>\n\t\t\t\t<div class=\"elementor-element elementor-element-7ecbcd4 elementor-widget elementor-widget-text-editor\" data-id=\"7ecbcd4\" data-element_type=\"widget\" data-widget_type=\"text-editor.default\">\n\t\t\t\t<div class=\"elementor-widget-container\">\n\t\t\t\t\t\t\t\t\t<em><strong>On distingue quatre grandes familles d\u2019eau brute (avant traitement) :<\/strong><\/em>\t\t\t\t\t\t\t\t<\/div>\n\t\t\t\t<\/div>\n\t\t\t\t<div class=\"elementor-element elementor-element-ad7a78f elementor-widget elementor-widget-heading\" data-id=\"ad7a78f\" data-element_type=\"widget\" data-widget_type=\"heading.default\">\n\t\t\t\t<div class=\"elementor-widget-container\">\n\t\t\t\t\t<h2 class=\"elementor-heading-title elementor-size-default\">Les eaux de surface<\/h2>\t\t\t\t<\/div>\n\t\t\t\t<\/div>\n\t\t\t\t<div class=\"elementor-element elementor-element-b717c4a elementor-widget elementor-widget-text-editor\" data-id=\"b717c4a\" data-element_type=\"widget\" data-widget_type=\"text-editor.default\">\n\t\t\t\t<div class=\"elementor-widget-container\">\n\t\t\t\t\t\t\t\t\t<p>Rivi\u00e8res, lacs, puits et sources peu profondes sous \u00ab\u00a0influence\u00a0\u00bb de la surface. Elles sont contamin\u00e9es par des\u00a0<strong>microbes<\/strong>, Deux types de traitement conviennent pour purifier l\u2019eau de surface : le traitement dit conventionnel et la\u00a0<strong>filtration membranaire (Microfiltration, Ultrafiltration).<\/strong><\/p>\t\t\t\t\t\t\t\t<\/div>\n\t\t\t\t<\/div>\n\t\t\t\t<div class=\"elementor-element elementor-element-0b8da8a elementor-widget elementor-widget-heading\" data-id=\"0b8da8a\" data-element_type=\"widget\" data-widget_type=\"heading.default\">\n\t\t\t\t<div class=\"elementor-widget-container\">\n\t\t\t\t\t<h2 class=\"elementor-heading-title elementor-size-default\">Les eaux de forage<\/h2>\t\t\t\t<\/div>\n\t\t\t\t<\/div>\n\t\t\t\t<div class=\"elementor-element elementor-element-ba18d52 elementor-widget elementor-widget-text-editor\" data-id=\"ba18d52\" data-element_type=\"widget\" data-widget_type=\"text-editor.default\">\n\t\t\t\t<div class=\"elementor-widget-container\">\n\t\t\t\t\t\t\t\t\t<p>Elles peuvent \u00eatre contamin\u00e9s par des produits chimiques toxiques tels que l\u2019arsenic, le fluor, les nitrates ou encore le chlorure de sodium (\u00ab\u00a0sel\u00a0\u00bb), malsain lorsque consomm\u00e9 en trop grande quantit\u00e9. Il n\u2019existe pas de traitement \u00ab\u00a0conventionnel\u00a0\u00bb pour \u00f4ter ces contaminants chimiques. On recourt alors \u00e0 l\u2019<strong>osmose inverse basse pression<\/strong>\u00a0ou \u00e0 la\u00a0<strong>nanofiltration<\/strong>.<\/p>\t\t\t\t\t\t\t\t<\/div>\n\t\t\t\t<\/div>\n\t\t\t\t<div class=\"elementor-element elementor-element-90e30b3 elementor-widget elementor-widget-heading\" data-id=\"90e30b3\" data-element_type=\"widget\" data-widget_type=\"heading.default\">\n\t\t\t\t<div class=\"elementor-widget-container\">\n\t\t\t\t\t<h2 class=\"elementor-heading-title elementor-size-default\">Les effluents municipaux et industriels<\/h2>\t\t\t\t<\/div>\n\t\t\t\t<\/div>\n\t\t\t\t<div class=\"elementor-element elementor-element-8c808c7 elementor-widget elementor-widget-text-editor\" data-id=\"8c808c7\" data-element_type=\"widget\" data-widget_type=\"text-editor.default\">\n\t\t\t\t<div class=\"elementor-widget-container\">\n\t\t\t\t\t\t\t\t\t<p>Ils doivent \u00eatre trait\u00e9s avant rejet dans l\u2019environnement sinon ils contaminent s\u00e9v\u00e8rement les sources d\u2019eau naturelles. Un traitement dans une station biologique permet d\u2019abaisser la Demande Biologique et Chimique en Oxyg\u00e8ne (DBO et DCO). Traiter les effluents secondaires se r\u00e9v\u00e8le de plus en plus \u00e9conomique pour pallier le manque d\u2019eau dans les grandes villes ou \u00ab\u00a0M\u00e9gapoles\u00a0\u00bb.<\/p>\t\t\t\t\t\t\t\t<\/div>\n\t\t\t\t<\/div>\n\t\t\t\t<div class=\"elementor-element elementor-element-7a7d9f2 elementor-widget elementor-widget-heading\" data-id=\"7a7d9f2\" data-element_type=\"widget\" data-widget_type=\"heading.default\">\n\t\t\t\t<div class=\"elementor-widget-container\">\n\t\t\t\t\t<h2 class=\"elementor-heading-title elementor-size-default\">L\u2019eau de mer<\/h2>\t\t\t\t<\/div>\n\t\t\t\t<\/div>\n\t\t\t\t<div class=\"elementor-element elementor-element-5148de1 elementor-widget elementor-widget-text-editor\" data-id=\"5148de1\" data-element_type=\"widget\" data-widget_type=\"text-editor.default\">\n\t\t\t\t<div class=\"elementor-widget-container\">\n\t\t\t\t\t\t\t\t\t<p>Purifier l\u2019eau de mer co\u00fbte cher, entre 2,5 et 4 Euros par m\u00e8tre cube, car le traitement consomme beaucoup d\u2019\u00e9nergie. C\u2019est une solution \u00e0 n\u2019envisager qu\u2019en dernier recours lorsque qu\u2019aucune eau de surface, de forage ou aucun effluent n\u2019est disponible.<\/p>\t\t\t\t\t\t\t\t<\/div>\n\t\t\t\t<\/div>\n\t\t\t\t\t<\/div>\n\t\t<\/div>\n\t\t\t\t\t<\/div>\n\t\t<\/section>\n\t\t\t\t<\/div>\n\t\t","protected":false},"excerpt":{"rendered":"<p>Purifier l\u2019eau de consommation Les avantages des solutions de traitement Aclaira Les technologies membranaires utilis\u00e9es par Aclaira (filtration membranaire, nanofiltration et osmose inverse) sont\u00a0devenus incontournables\u00a0pour les grandes unit\u00e9s de traitement d\u2019eau. Elles comportent beaucoup d\u2019avantages :\u00a0barri\u00e8re absolue contre les contaminants, simplicit\u00e9 d\u2019exploitation et fiabilit\u00e9. Aclaira\u00a0conjugue tous ces avantages\u00a0en offrant des\u00a0solutions optimis\u00e9es et parfaitement adapt\u00e9es aux [&hellip;]<\/p>\n","protected":false},"author":1,"featured_media":0,"parent":0,"menu_order":0,"comment_status":"closed","ping_status":"closed","template":"elementor_header_footer","meta":{"ocean_post_layout":"","ocean_both_sidebars_style":"","ocean_both_sidebars_content_width":0,"ocean_both_sidebars_sidebars_width":0,"ocean_sidebar":"","ocean_second_sidebar":"","ocean_disable_margins":"enable","ocean_add_body_class":"","ocean_shortcode_before_top_bar":"","ocean_shortcode_after_top_bar":"","ocean_shortcode_before_header":"","ocean_shortcode_after_header":"","ocean_has_shortcode":"","ocean_shortcode_after_title":"","ocean_shortcode_before_footer_widgets":"","ocean_shortcode_after_footer_widgets":"","ocean_shortcode_before_footer_bottom":"","ocean_shortcode_after_footer_bottom":"","ocean_display_top_bar":"default","ocean_display_header":"default","ocean_header_style":"","ocean_center_header_left_menu":"","ocean_custom_header_template":"","ocean_custom_logo":0,"ocean_custom_retina_logo":0,"ocean_custom_logo_max_width":0,"ocean_custom_logo_tablet_max_width":0,"ocean_custom_logo_mobile_max_width":0,"ocean_custom_logo_max_height":0,"ocean_custom_logo_tablet_max_height":0,"ocean_custom_logo_mobile_max_height":0,"ocean_header_custom_menu":"","ocean_menu_typo_font_family":"","ocean_menu_typo_font_subset":"","ocean_menu_typo_font_size":0,"ocean_menu_typo_font_size_tablet":0,"ocean_menu_typo_font_size_mobile":0,"ocean_menu_typo_font_size_unit":"px","ocean_menu_typo_font_weight":"","ocean_menu_typo_font_weight_tablet":"","ocean_menu_typo_font_weight_mobile":"","ocean_menu_typo_transform":"","ocean_menu_typo_transform_tablet":"","ocean_menu_typo_transform_mobile":"","ocean_menu_typo_line_height":0,"ocean_menu_typo_line_height_tablet":0,"ocean_menu_typo_line_height_mobile":0,"ocean_menu_typo_line_height_unit":"","ocean_menu_typo_spacing":0,"ocean_menu_typo_spacing_tablet":0,"ocean_menu_typo_spacing_mobile":0,"ocean_menu_typo_spacing_unit":"","ocean_menu_link_color":"","ocean_menu_link_color_hover":"","ocean_menu_link_color_active":"","ocean_menu_link_background":"","ocean_menu_link_hover_background":"","ocean_menu_link_active_background":"","ocean_menu_social_links_bg":"","ocean_menu_social_hover_links_bg":"","ocean_menu_social_links_color":"","ocean_menu_social_hover_links_color":"","ocean_disable_title":"default","ocean_disable_heading":"default","ocean_post_title":"","ocean_post_subheading":"","ocean_post_title_style":"","ocean_post_title_background_color":"","ocean_post_title_background":0,"ocean_post_title_bg_image_position":"","ocean_post_title_bg_image_attachment":"","ocean_post_title_bg_image_repeat":"","ocean_post_title_bg_image_size":"","ocean_post_title_height":0,"ocean_post_title_bg_overlay":0.5,"ocean_post_title_bg_overlay_color":"","ocean_disable_breadcrumbs":"default","ocean_breadcrumbs_color":"","ocean_breadcrumbs_separator_color":"","ocean_breadcrumbs_links_color":"","ocean_breadcrumbs_links_hover_color":"","ocean_display_footer_widgets":"default","ocean_display_footer_bottom":"default","ocean_custom_footer_template":"","footnotes":""},"class_list":["post-133","page","type-page","status-publish","hentry","entry"],"_links":{"self":[{"href":"https:\/\/donyatek.org\/index.php\/wp-json\/wp\/v2\/pages\/133","targetHints":{"allow":["GET"]}}],"collection":[{"href":"https:\/\/donyatek.org\/index.php\/wp-json\/wp\/v2\/pages"}],"about":[{"href":"https:\/\/donyatek.org\/index.php\/wp-json\/wp\/v2\/types\/page"}],"author":[{"embeddable":true,"href":"https:\/\/donyatek.org\/index.php\/wp-json\/wp\/v2\/users\/1"}],"replies":[{"embeddable":true,"href":"https:\/\/donyatek.org\/index.php\/wp-json\/wp\/v2\/comments?post=133"}],"version-history":[{"count":28,"href":"https:\/\/donyatek.org\/index.php\/wp-json\/wp\/v2\/pages\/133\/revisions"}],"predecessor-version":[{"id":8050,"href":"https:\/\/donyatek.org\/index.php\/wp-json\/wp\/v2\/pages\/133\/revisions\/8050"}],"wp:attachment":[{"href":"https:\/\/donyatek.org\/index.php\/wp-json\/wp\/v2\/media?parent=133"}],"curies":[{"name":"wp","href":"https:\/\/api.w.org\/{rel}","templated":true}]}}